{"id":54,"date":"2022-09-12T15:57:54","date_gmt":"2022-09-12T13:57:54","guid":{"rendered":"https:\/\/dekanief.cz\/en\/?page_id=54"},"modified":"2024-10-01T21:00:12","modified_gmt":"2024-10-01T19:00:12","slug":"contacts","status":"publish","type":"page","link":"https:\/\/dekanief.cz\/en\/contacts\/","title":{"rendered":"Contacts"},"content":{"rendered":"\n<div class=\"wp-block-group alignfull is-layout-constrained wp-block-group-is-layout-constrained\">\n<h2 class=\"wp-block-heading alignwide tw-md-hidden tw-sm-hidden\">Contacts<\/h2>\n\n\n\n<div class=\"wp-block-columns alignwide is-layout-flex wp-container-core-columns-is-layout-86b42359 wp-block-columns-is-layout-flex tw-large-gap\">\n<div class=\"wp-block-column is-style-tw-col-border-top is-layout-flow wp-block-column-is-layout-flow\">\n<h3 class=\"wp-block-heading\" style=\"margin-bottom:10px;font-size:1.125em\">E-mail: <a rel=\"noreferrer noopener\" href=\"mailto:info@dekanief.cz\" target=\"_blank\">info@dekanief.cz<\/a><\/h3>\n<\/div>\n<\/div>\n<\/div>\n\n\n\n<div class=\"wp-block-group alignfull is-layout-constrained wp-block-group-is-layout-constrained\">\n<p><\/p>\n\n\n\n<h2 class=\"wp-block-heading alignwide has-text-align-left\">Executive Committee of the Association<\/h2>\n\n\n\n<div class=\"wp-block-columns alignwide tw-cols-border-top is-layout-flex wp-container-core-columns-is-layout-86b42359 wp-block-columns-is-layout-flex tw-large-gap\">\n<div class=\"wp-block-column is-layout-flow wp-block-column-is-layout-flow\">\n<h3 class=\"wp-block-heading\" style=\"margin-bottom:10px;font-size:1.125em\">doc. Ing. Michaela Krechovsk\u00e1, Ph.D.<\/h3>\n\n\n\n<p class=\"tw-mt-0 has-small-font-size\"><strong>President of the Association<\/strong><\/p>\n\n\n\n<p><a rel=\"noreferrer noopener\" href=\"https:\/\/fek.zcu.cz\/en\/index.php\" target=\"_blank\">Faculty of Economics, University of West Bohemia<\/a><\/p>\n<\/div>\n\n\n\n<div class=\"wp-block-column is-style-tw-col-border-top is-layout-flow wp-block-column-is-layout-flow\">\n<h3 class=\"wp-block-heading\" style=\"margin-bottom:10px;font-size:1.125em\">prof. Ing. Jakub Fischer, Ph.D.<\/h3>\n\n\n\n<p class=\"tw-mt-0 has-small-font-size\"><strong>Vice-President of the Association<\/strong><\/p>\n\n\n\n<p><a href=\"https:\/\/fis.vse.cz\/english\/\">Faculty of Informatics and Statistics, Prague University of Economics and Business (V\u0160E)<\/a><\/p>\n<\/div>\n<\/div>\n\n\n\n<div class=\"wp-block-columns alignwide tw-cols-border-top is-layout-flex wp-container-core-columns-is-layout-86b42359 wp-block-columns-is-layout-flex tw-large-gap\">\n<div class=\"wp-block-column is-style-tw-col-border-top is-layout-flow wp-block-column-is-layout-flow\">\n<h3 class=\"wp-block-heading\" style=\"margin-bottom:10px;font-size:1.125em\">doc. Ing. Ale\u0161 Kocourek, Ph.D.<\/h3>\n\n\n\n<p class=\"tw-mt-0 has-small-font-size\"><strong>Member of Executive Committee<\/strong><\/p>\n\n\n\n<p><a href=\"https:\/\/www.ef.tul.cz\/en\/\" target=\"_blank\" rel=\"noreferrer noopener\">Faculty of Economics, Technical University of Liberec<\/a><\/p>\n<\/div>\n\n\n\n<div class=\"wp-block-column is-style-tw-col-border-top is-layout-flow wp-block-column-is-layout-flow\">\n<h3 class=\"wp-block-heading\" style=\"margin-bottom:10px;font-size:1.125em\">doc. Ing. Vojt\u011bch Sp\u00e1\u010dil, CSc.<\/h3>\n\n\n\n<p class=\"tw-mt-0 has-small-font-size\"><strong>Member of Executive Committee<\/strong><\/p>\n\n\n\n<p><a href=\"https:\/\/www.ekf.vsb.cz\/en\" target=\"_blank\" rel=\"noreferrer noopener\">Faculty of Economics, Technical University of Ostrava<\/a><\/p>\n<\/div>\n<\/div>\n<\/div>\n\n\n\n<p><\/p>\n","protected":false},"excerpt":{"rendered":"<p>Contacts E-mail: info@dekanief.cz Executive Committee of the Association doc. Ing. Michaela Krechovsk\u00e1, Ph.D. President of the Association Faculty of Economics, University of West Bohemia prof. Ing. Jakub Fischer, Ph.D. Vice-President [&hellip;]<\/p>\n","protected":false},"author":1,"featured_media":0,"parent":0,"menu_order":0,"comment_status":"closed","ping_status":"closed","template":"wp-custom-template-standartni-stranka","meta":{"_EventAllDay":false,"_EventTimezone":"","_EventStartDate":"","_EventEndDate":"","_EventStartDateUTC":"","_EventEndDateUTC":"","_EventShowMap":false,"_EventShowMapLink":false,"_EventURL":"","_EventCost":"","_EventCostDescription":"","_EventCurrencySymbol":"","_EventCurrencyCode":"","_EventCurrencyPosition":"","_EventDateTimeSeparator":"","_EventTimeRangeSeparator":"","_EventOrganizerID":[],"_EventVenueID":[],"_OrganizerEmail":"","_OrganizerPhone":"","_OrganizerWebsite":"","_VenueAddress":"","_VenueCity":"","_VenueCountry":"","_VenueProvince":"","_VenueState":"","_VenueZip":"","_VenuePhone":"","_VenueURL":"","_VenueStateProvince":"","_VenueLat":"","_VenueLng":"","_VenueShowMap":false,"_VenueShowMapLink":false,"footnotes":""},"class_list":["post-54","page","type-page","status-publish","hentry"],"_links":{"self":[{"href":"https:\/\/dekanief.cz\/en\/wp-json\/wp\/v2\/pages\/54","targetHints":{"allow":["GET"]}}],"collection":[{"href":"https:\/\/dekanief.cz\/en\/wp-json\/wp\/v2\/pages"}],"about":[{"href":"https:\/\/dekanief.cz\/en\/wp-json\/wp\/v2\/types\/page"}],"author":[{"embeddable":true,"href":"https:\/\/dekanief.cz\/en\/wp-json\/wp\/v2\/users\/1"}],"replies":[{"embeddable":true,"href":"https:\/\/dekanief.cz\/en\/wp-json\/wp\/v2\/comments?post=54"}],"version-history":[{"count":14,"href":"https:\/\/dekanief.cz\/en\/wp-json\/wp\/v2\/pages\/54\/revisions"}],"predecessor-version":[{"id":126911,"href":"https:\/\/dekanief.cz\/en\/wp-json\/wp\/v2\/pages\/54\/revisions\/126911"}],"wp:attachment":[{"href":"https:\/\/dekanief.cz\/en\/wp-json\/wp\/v2\/media?parent=54"}],"curies":[{"name":"wp","href":"https:\/\/api.w.org\/{rel}","templated":true}]}}