{"id":49,"date":"2022-09-12T15:56:43","date_gmt":"2022-09-12T13:56:43","guid":{"rendered":"https:\/\/dekanief.cz\/en\/?page_id=49"},"modified":"2025-10-09T09:02:42","modified_gmt":"2025-10-09T07:02:42","slug":"members","status":"publish","type":"page","link":"https:\/\/dekanief.cz\/en\/members\/","title":{"rendered":"Members"},"content":{"rendered":"\n<div class=\"wp-block-group alignfull is-layout-constrained wp-block-group-is-layout-constrained\">\n<h2 class=\"wp-block-heading has-text-align-center\">Deans of Economic Faculties<\/h2>\n\n\n\n<div class=\"wp-block-columns alignwide tw-cols-border-top is-layout-flex wp-container-core-columns-is-layout-86b42359 wp-block-columns-is-layout-flex tw-large-gap\">\n<div class=\"wp-block-column is-layout-flow wp-block-column-is-layout-flow\">\n<h3 class=\"wp-block-heading\" style=\"margin-bottom:10px;font-size:1.125em\">prof. Ing. Luk\u00e1\u0161 \u010cechura, Ph.D.<\/h3>\n\n\n\n<p><a href=\"https:\/\/www.fbm.vutbr.cz\/en\/\">Faculty of Business and Management, Brno University of Technology<\/a><\/p>\n<\/div>\n\n\n\n<div class=\"wp-block-column is-style-tw-col-border-top is-layout-flow wp-block-column-is-layout-flow\">\n<h3 class=\"wp-block-heading\" style=\"margin-bottom:10px;font-size:1.125em\">doc. RNDr. Zuzana Dvo\u0159\u00e1kov\u00e1 L\u00ed\u0161kov\u00e1, Ph.D.<\/h3>\n\n\n\n<p><a href=\"https:\/\/www.ef.jcu.cz\/en\/\" target=\"_blank\" rel=\"noreferrer noopener\">Faculty of Economics, University of South Bohemia in \u010cesk\u00e9 Bud\u011bjovice<\/a><\/p>\n<\/div>\n\n\n\n<div class=\"wp-block-column is-style-tw-col-border-top is-layout-flow wp-block-column-is-layout-flow\">\n<h3 class=\"wp-block-heading\" style=\"margin-bottom:10px;font-size:1.125em\">prof. Ing. Jakub Fischer, Ph.D.<\/h3>\n\n\n\n<p><a href=\"https:\/\/fis.vse.cz\/english\/\">Faculty of Informatics and Statistics, Prague University of Economics and Business (V\u0160E)<\/a><\/p>\n<\/div>\n<\/div>\n\n\n\n<div class=\"wp-block-columns alignwide is-layout-flex wp-container-core-columns-is-layout-86b42359 wp-block-columns-is-layout-flex tw-large-gap\">\n<div class=\"wp-block-column is-style-tw-col-border-top is-layout-flow wp-block-column-is-layout-flow\">\n<h3 class=\"wp-block-heading\" style=\"margin-bottom:10px;font-size:1.125em\">doc. Ing. Martina Jir\u00e1nkov\u00e1, Ph.D.<\/h3>\n\n\n\n<p><a href=\"https:\/\/fir.vse.cz\/\" data-type=\"link\" data-id=\"https:\/\/fir.vse.cz\/\" target=\"_blank\" rel=\"noreferrer noopener\">Faculty of International Relations, Prague University of Economics and Business<\/a><br><\/p>\n<\/div>\n\n\n\n<div class=\"wp-block-column is-style-tw-col-border-top is-layout-flow wp-block-column-is-layout-flow\">\n<h3 class=\"wp-block-heading\" style=\"margin-bottom:10px;font-size:1.125em\">doc. Ing. Svatopluk Kapounek, Ph.D.<\/h3>\n\n\n\n<p><a href=\"https:\/\/pef.mendelu.cz\/en\/?psn=0\" target=\"_blank\" rel=\"noreferrer noopener\">Faculty of Business and Economics, Mendel University in Brno<\/a><\/p>\n<\/div>\n\n\n\n<div class=\"wp-block-column is-style-tw-col-border-top is-layout-flow wp-block-column-is-layout-flow\">\n<h3 class=\"wp-block-heading\" style=\"margin-bottom:10px;font-size:1.125em\">Mgr. Ond\u0159ej Kone\u010dn\u00fd, Ph.D.<\/h3>\n\n\n\n<p><a href=\"https:\/\/frrms.mendelu.cz\/en\/\" target=\"_blank\" rel=\"noreferrer noopener\">Faculty of Regional Development and International Studies, Mendel University in Brno<\/a><\/p>\n<\/div>\n<\/div>\n\n\n\n<div class=\"wp-block-columns alignwide is-layout-flex wp-container-core-columns-is-layout-86b42359 wp-block-columns-is-layout-flex tw-large-gap\">\n<div class=\"wp-block-column is-style-tw-col-border-top is-layout-flow wp-block-column-is-layout-flow\">\n<h3 class=\"wp-block-heading\" style=\"margin-bottom:10px;font-size:1.125em\">doc. Ing. Michaela Krechovsk\u00e1, Ph.D.<\/h3>\n\n\n\n<p><a href=\"https:\/\/fek.zcu.cz\/en\/index.php\" target=\"_blank\" rel=\"noreferrer noopener\">Faculty of Economics, University of West Bohemia<\/a><\/p>\n<\/div>\n\n\n\n<div class=\"wp-block-column is-style-tw-col-border-top is-layout-flow wp-block-column-is-layout-flow\">\n<h3 class=\"wp-block-heading\" style=\"margin-bottom:10px;font-size:1.125em\">Ing. Miroslav Kop\u00e1\u010dek, Ph.D.<\/h3>\n\n\n\n<p><a href=\"https:\/\/www.fse.ujep.cz\/en\/\" target=\"_blank\" rel=\"noreferrer noopener\">Faculty of Social and Economic Studies, Jan Evangelista Purkyn\u011b University in \u00dastn\u00ed nad Labem <\/a><\/p>\n<\/div>\n\n\n\n<div class=\"wp-block-column is-style-tw-col-border-top is-layout-flow wp-block-column-is-layout-flow\">\n<h3 class=\"wp-block-heading\" style=\"margin-bottom:10px;font-size:1.125em\">prof. Ing. Mgr. Petra Mare\u0161ov\u00e1, MBA, Ph.D.<\/h3>\n\n\n\n<p><a href=\"https:\/\/www.uhk.cz\/en\/faculty-of-informatics-and-management\/about-faculty\" target=\"_blank\" rel=\"noreferrer noopener\">Faculty of Informatics and Management, University of Hradec Kr\u00e1lov\u00e9<\/a><\/p>\n<\/div>\n<\/div>\n\n\n\n<div class=\"wp-block-columns alignwide is-layout-flex wp-container-core-columns-is-layout-86b42359 wp-block-columns-is-layout-flex tw-large-gap\">\n<div class=\"wp-block-column is-style-tw-col-border-top is-layout-flow wp-block-column-is-layout-flow\">\n<h3 class=\"wp-block-heading\" style=\"margin-bottom:10px;font-size:1.125em\">prof. Ing. Petr Mus\u00edlek, Ph.D.<\/h3>\n\n\n\n<p><a href=\"https:\/\/ffu.vse.cz\/english\/\" target=\"_blank\" rel=\"noreferrer noopener\">Faculty of Finance and Accounting, Prague University of Economics and Business (V\u0160E)<\/a><\/p>\n<\/div>\n\n\n\n<div class=\"wp-block-column is-style-tw-col-border-top is-layout-flow wp-block-column-is-layout-flow\">\n<h3 class=\"wp-block-heading\" style=\"margin-bottom:10px;font-size:1.125em\">prof. Ing. Michal Pil\u00edk, Ph.D.<\/h3>\n\n\n\n<p><a href=\"https:\/\/fame.utb.cz\/en\/\">Faculty of Management and Economics, Tomas Bata University in Zl\u00edn <\/a> <\/p>\n<\/div>\n\n\n\n<div class=\"wp-block-column is-style-tw-col-border-top is-layout-flow wp-block-column-is-layout-flow\">\n<h3 class=\"wp-block-heading\" style=\"margin-bottom:10px;font-size:1.125em\">doc. Ing. Bc. Mojm\u00edr Sabolovi\u010d, Ph.D.<\/h3>\n\n\n\n<p><a href=\"https:\/\/fm.vse.cz\/english\/\">Faculty of Management, Prague University of Economics and Business (V\u0160E)<\/a><\/p>\n<\/div>\n<\/div>\n\n\n\n<div class=\"wp-block-columns alignwide is-layout-flex wp-container-core-columns-is-layout-86b42359 wp-block-columns-is-layout-flex tw-large-gap\">\n<div class=\"wp-block-column is-style-tw-col-border-top is-layout-flow wp-block-column-is-layout-flow\">\n<h3 class=\"wp-block-heading\" style=\"margin-bottom:10px;font-size:1.125em\">Ing. Mgr. Marek Sk\u00e1la, Ph.D.<\/h3>\n\n\n\n<p><a href=\"https:\/\/www.ef.tul.cz\/en\/\" target=\"_blank\" rel=\"noreferrer noopener\">Faculty of Economics, Technical University of Liberec<\/a><\/p>\n<\/div>\n\n\n\n<div class=\"wp-block-column is-style-tw-col-border-top is-layout-flow wp-block-column-is-layout-flow\">\n<h3 class=\"wp-block-heading\" style=\"margin-bottom:10px;font-size:1.125em\">doc. Ing. Vojt\u011bch Sp\u00e1\u010dil, CSc.<\/h3>\n\n\n\n<p><a href=\"https:\/\/www.ekf.vsb.cz\/en\" target=\"_blank\" rel=\"noreferrer noopener\">Faculty of Economics, Technical University of Ostrava<\/a><\/p>\n<\/div>\n\n\n\n<div class=\"wp-block-column is-style-tw-col-border-top is-layout-flow wp-block-column-is-layout-flow\">\n<h3 class=\"wp-block-heading\" style=\"margin-bottom:10px;font-size:1.125em\">prof. Ing. Jan Stejskal, Ph.D.<\/h3>\n\n\n\n<p><a href=\"https:\/\/fes.upce.cz\/en\">Faculty of Economics and Administration, University of Pardubice<\/a><\/p>\n<\/div>\n<\/div>\n\n\n\n<div class=\"wp-block-columns alignwide is-layout-flex wp-container-core-columns-is-layout-86b42359 wp-block-columns-is-layout-flex tw-large-gap\">\n<div class=\"wp-block-column is-style-tw-col-border-top is-layout-flow wp-block-column-is-layout-flow\">\n<h3 class=\"wp-block-heading\" style=\"margin-bottom:10px;font-size:1.125em\">prof. Ing. et Ing. Stanislav \u0160kapa, Ph.D.<\/h3>\n\n\n\n<p><a href=\"https:\/\/www.pef.czu.cz\/en\"><a href=\"https:\/\/www.fbm.vutbr.cz\/en\/\">Faculty of Business and Management, Brno University of Technology<\/a><\/a><\/p>\n<\/div>\n\n\n\n<div class=\"wp-block-column is-style-tw-col-border-top is-layout-flow wp-block-column-is-layout-flow\">\n<h3 class=\"wp-block-heading\" style=\"margin-bottom:10px;font-size:1.125em\">prof. Mgr. Ji\u0159\u00ed \u0160palek, Ph.D.<\/h3>\n\n\n\n<p><a href=\"https:\/\/www.econ.muni.cz\/en\" target=\"_blank\" rel=\"noreferrer noopener\">Faculty of Economics and Administration, Masaryk University<\/a><\/p>\n<\/div>\n\n\n\n<div class=\"wp-block-column is-style-tw-col-border-top is-layout-flow wp-block-column-is-layout-flow\">\n<h3 class=\"wp-block-heading\" style=\"margin-bottom:10px;font-size:1.125em\">doc. RNDr. Ing. Roman \u0160perka, Ph.D.<\/h3>\n\n\n\n<p><a href=\"https:\/\/www.slu.cz\/opf\/en\/\" target=\"_blank\" rel=\"noreferrer noopener\">School of Business Administration in Karvin\u00e1, Silesian University<\/a><\/p>\n<\/div>\n<\/div>\n<\/div>\n\n\n\n<div class=\"wp-block-group alignfull is-layout-constrained wp-block-group-is-layout-constrained\">\n<h2 class=\"wp-block-heading has-text-align-center\">Heads of Higher Education Institutes<\/h2>\n\n\n\n<div class=\"wp-block-columns alignwide is-layout-flex wp-container-core-columns-is-layout-86b42359 wp-block-columns-is-layout-flex tw-large-gap\">\n<div class=\"wp-block-column is-style-tw-col-border-top is-layout-flow wp-block-column-is-layout-flow\">\n<h3 class=\"wp-block-heading\" style=\"margin-bottom:10px;font-size:1.125em\">doc. PhDr. Adam Ger\u0161l, Ph.D.<\/h3>\n\n\n\n<p><a href=\"https:\/\/ies.fsv.cuni.cz\/content\/tree\/index\/lang\/en\" target=\"_blank\" rel=\"noreferrer noopener\">Institute of Economic Studies, Faculty of Social Sciences, Charles University<\/a><\/p>\n<\/div>\n\n\n\n<div class=\"wp-block-column is-style-tw-col-border-top is-layout-flow wp-block-column-is-layout-flow\">\n<h3 class=\"wp-block-heading\" style=\"margin-bottom:10px;font-size:1.125em\">Ing. Michal Ruschak, MBA.<\/h3>\n\n\n\n<p><a href=\"http:\/\/www.vstecb.cz\/ustav-podnikove-strategie-1419-htm\/\" target=\"_blank\" rel=\"noreferrer noopener\">Faculty of Corporate Strategy, Institute of Technology and Business in \u010cesk\u00e9 Bud\u011bjovice<\/a><\/p>\n<\/div>\n<\/div>\n\n\n\n<div class=\"wp-block-columns alignwide is-layout-flex wp-container-core-columns-is-layout-86b42359 wp-block-columns-is-layout-flex tw-large-gap\">\n<div class=\"wp-block-column is-style-tw-col-border-top is-layout-flow wp-block-column-is-layout-flow\">\n<h3 class=\"wp-block-heading\" style=\"margin-bottom:10px;font-size:1.125em\">doc. Marek Kapi\u010dka, Ph.D.<\/h3>\n\n\n\n<p><a href=\"https:\/\/www.cerge-ei.cz\/\" target=\"_blank\" rel=\"noreferrer noopener\">CERGE-EI<\/a><\/p>\n<\/div>\n\n\n\n<div class=\"wp-block-column is-style-tw-col-border-top is-layout-flow wp-block-column-is-layout-flow\">\n<h3 class=\"wp-block-heading\" style=\"margin-bottom:10px;font-size:1.125em\">doc. Ing. Lenka \u0160vecov\u00e1, Ph.D.<\/h3>\n\n\n\n<p><a href=\"https:\/\/business.vscht.cz\/\" data-type=\"link\" data-id=\"https:\/\/business.vscht.cz\/\" target=\"_blank\" rel=\"noreferrer noopener\">School of Business, University of Chemistry and Technology<\/a><br><\/p>\n<\/div>\n<\/div>\n<\/div>\n\n\n\n<div class=\"wp-block-group alignfull is-layout-constrained wp-block-group-is-layout-constrained\">\n<h2 class=\"wp-block-heading has-text-align-center\">Other members<\/h2>\n\n\n\n<div class=\"wp-block-columns alignwide is-layout-flex wp-container-core-columns-is-layout-86b42359 wp-block-columns-is-layout-flex tw-large-gap\">\n<div class=\"wp-block-column is-style-tw-col-border-top is-layout-flow wp-block-column-is-layout-flow\">\n<h3 class=\"wp-block-heading\" style=\"margin-bottom:10px;font-size:1.125em\">Ing. Roman Fiala, Ph.D.&nbsp;<\/h3>\n\n\n\n<p><a href=\"https:\/\/ies.fsv.cuni.cz\/content\/tree\/index\/lang\/en\" target=\"_blank\" rel=\"noreferrer noopener\"><a href=\"https:\/\/kes.vspj.cz\/en\/uvod\/o-katedre\">Department of Economic Studies, Vysok\u00e1 \u0161kola polytechnick\u00e1 Jihlava<\/a><\/a><\/p>\n<\/div>\n\n\n\n<div class=\"wp-block-column is-style-tw-col-border-top is-layout-flow wp-block-column-is-layout-flow\"><\/div>\n<\/div>\n<\/div>\n\n\n\n<hr style=\"height: 2px;\" class=\"wp-block-separator has-alpha-channel-opacity is-style-wide\"\/>\n\n\n\n<div class=\"wp-block-group alignfull is-layout-constrained wp-block-group-is-layout-constrained\">\n<h2 class=\"wp-block-heading has-text-align-center\">Emeritus Deans and ADEF Members<\/h2>\n\n\n\n<div class=\"wp-block-columns alignwide is-layout-flex wp-container-core-columns-is-layout-86b42359 wp-block-columns-is-layout-flex tw-large-gap\">\n<div class=\"wp-block-column is-style-tw-col-border-top is-layout-flow wp-block-column-is-layout-flow\">\n<h3 class=\"wp-block-heading\" style=\"margin-bottom:10px;font-size:1.125em\">doc. Ing. Vojt\u011bch Barto\u0161, Ph.D.<\/h3>\n\n\n\n<p><a href=\"https:\/\/www.fbm.vutbr.cz\/en\/\">Faculty of Business and Management, Brno University of Technology<\/a><\/p>\n<\/div>\n\n\n\n<div class=\"wp-block-column is-style-tw-col-border-top is-layout-flow wp-block-column-is-layout-flow\">\n<h3 class=\"wp-block-heading\" style=\"margin-bottom:10px;font-size:1.125em\">doc. Ing. Vladislav B\u00edna, Ph.D.<\/h3>\n\n\n\n<p><a href=\"https:\/\/fm.vse.cz\/english\/\">Faculty of Management, Prague University of Economics and Business (V\u0160E)<\/a><\/p>\n<\/div>\n\n\n\n<div class=\"wp-block-column is-style-tw-col-border-top is-layout-flow wp-block-column-is-layout-flow\">\n<h3 class=\"wp-block-heading\" style=\"margin-bottom:10px;font-size:1.125em\">doc. PhDr. Martin Gregor, Ph.D.<\/h3>\n\n\n\n<p><a href=\"https:\/\/ies.fsv.cuni.cz\/content\/tree\/index\/lang\/en\" target=\"_blank\" rel=\"noreferrer noopener\">Institute of Economic Studies, Faculty of Social Sciences, Charles University<\/a><\/p>\n<\/div>\n\n\n\n<div class=\"wp-block-column is-style-tw-col-border-top is-layout-flow wp-block-column-is-layout-flow\">\n<h3 class=\"wp-block-heading\" style=\"margin-bottom:10px;font-size:1.125em\">prof. RNDr. Josef Hynek, MBA, Ph.D.<\/h3>\n\n\n\n<p><a href=\"https:\/\/www.uhk.cz\/en\/faculty-of-informatics-and-management\/about-faculty\" target=\"_blank\" rel=\"noreferrer noopener\">Faculty of Informatics and Management, University of Hradec Kr\u00e1lov\u00e9<\/a><\/p>\n<\/div>\n\n\n\n<div class=\"wp-block-column is-style-tw-col-border-top is-layout-flow wp-block-column-is-layout-flow\">\n<h3 class=\"wp-block-heading\" style=\"margin-bottom:10px;font-size:1.125em\">doc. Ing. Ale\u0161 Kocourek, Ph.D.<\/h3>\n\n\n\n<p><a href=\"https:\/\/www.ef.tul.cz\/en\/\" target=\"_blank\" rel=\"noreferrer noopener\">Faculty of Economics, Technical University of Liberec<\/a><\/p>\n<\/div>\n<\/div>\n\n\n\n<div class=\"wp-block-columns alignwide is-layout-flex wp-container-core-columns-is-layout-86b42359 wp-block-columns-is-layout-flex tw-large-gap\">\n<div class=\"wp-block-column is-style-tw-col-border-top is-layout-flow wp-block-column-is-layout-flow\">\n<h3 class=\"wp-block-heading\" style=\"margin-bottom:10px;font-size:1.125em\">Ing. Martina Kuncov\u00e1, Ph.D<\/h3>\n\n\n\n<p><a href=\"https:\/\/kes.vspj.cz\/en\/uvod\/o-katedre\">Department of Economic Studies, Vysok\u00e1 \u0161kola polytechnick\u00e1 Jihlava<\/a><\/p>\n<\/div>\n\n\n\n<div class=\"wp-block-column is-style-tw-col-border-top is-layout-flow wp-block-column-is-layout-flow\">\n<h3 class=\"wp-block-heading\" style=\"margin-bottom:10px;font-size:1.125em\">Mgr. Ond\u0159ej Moc, Ph.D.<\/h3>\n\n\n\n<p><a href=\"https:\/\/www.fse.ujep.cz\/en\/\" target=\"_blank\" rel=\"noreferrer noopener\">Faculty of Social and Economic Studies, Jan Evangelista Purkyn\u011b University in \u00dastn\u00ed nad Labem <\/a><\/p>\n<\/div>\n\n\n\n<div class=\"wp-block-column is-style-tw-col-border-top is-layout-flow wp-block-column-is-layout-flow\">\n<h3 class=\"wp-block-heading\" style=\"margin-bottom:10px;font-size:1.125em\">Ing. Ji\u0159\u00ed Schneider, Ph.D.<\/h3>\n\n\n\n<p><a href=\"https:\/\/www.fse.ujep.cz\/en\/\" target=\"_blank\" rel=\"noreferrer noopener\"><a href=\"https:\/\/frrms.mendelu.cz\/en\/\" target=\"_blank\" rel=\"noreferrer noopener\">Faculty of Regional Development and International Studies, Mendel University in Brno<\/a><\/a><\/p>\n<\/div>\n\n\n\n<div class=\"wp-block-column is-style-tw-col-border-top is-layout-flow wp-block-column-is-layout-flow\">\n<h3 class=\"wp-block-heading\" style=\"margin-bottom:10px;font-size:1.125em\">doc. Sergey Slobodyan, Ph.D.<\/h3>\n\n\n\n<p><a href=\"https:\/\/www.cerge-ei.cz\/\" target=\"_blank\" rel=\"noreferrer noopener\">CERGE-EI<\/a><\/p>\n<\/div>\n\n\n\n<div class=\"wp-block-column is-style-tw-col-border-top is-layout-flow wp-block-column-is-layout-flow\">\n<h3 class=\"wp-block-heading\" style=\"margin-bottom:10px;font-size:1.125em\">prof. Ing. Daniel Stav\u00e1rek, Ph.D.<\/h3>\n\n\n\n<p><a href=\"https:\/\/www.slu.cz\/opf\/en\/\" target=\"_blank\" rel=\"noreferrer noopener\">School of Business Administration in Karvin\u00e1, Silesian University<\/a><\/p>\n<\/div>\n<\/div>\n\n\n\n<div class=\"wp-block-columns alignwide is-layout-flex wp-container-core-columns-is-layout-86b42359 wp-block-columns-is-layout-flex tw-large-gap\">\n<div class=\"wp-block-column is-style-tw-col-border-top is-layout-flow wp-block-column-is-layout-flow\">\n<h3 class=\"wp-block-heading\" style=\"margin-bottom:10px;font-size:1.125em\">doc. Ing. Dagmar \u0160kodov\u00e1 Parmov\u00e1, Ph.D.<\/h3>\n\n\n\n<p><a href=\"https:\/\/www.ef.jcu.cz\/en\/\" target=\"_blank\" rel=\"noreferrer noopener\">Faculty of Economics, University of South Bohemia in \u010cesk\u00e9 Bud\u011bjovice<\/a><\/p>\n<\/div>\n\n\n\n<div class=\"wp-block-column is-style-tw-col-border-top is-layout-flow wp-block-column-is-layout-flow\">\n<h3 class=\"wp-block-heading\" style=\"margin-bottom:10px;font-size:1.125em\">doc. Ing. Tom\u00e1\u0161 \u0160ubrt, Ph.D.<\/h3>\n\n\n\n<p><a href=\"https:\/\/www.pef.czu.cz\/en\">Faculty of Economics and Management, Czech University of Life Sciences Prague <\/a> <\/p>\n<\/div>\n\n\n\n<div class=\"wp-block-column is-style-tw-col-border-top is-layout-flow wp-block-column-is-layout-flow\">\n<h3 class=\"wp-block-heading\" style=\"margin-bottom:10px;font-size:1.125em\">doc. Ing. Josef Tau\u0161er, Ph.D.<\/h3>\n\n\n\n<p><a href=\"https:\/\/fir.vse.cz\/\" data-type=\"link\" data-id=\"https:\/\/fir.vse.cz\/\" target=\"_blank\" rel=\"noreferrer noopener\">Faculty of International Relations, Prague University of Economics and Business<\/a><br><\/p>\n<\/div>\n\n\n\n<div class=\"wp-block-column is-style-tw-col-border-top is-layout-flow wp-block-column-is-layout-flow\">\n<h3 class=\"wp-block-heading\" style=\"margin-bottom:10px;font-size:1.125em\">prof. Ing. David Tu\u010dek, Ph.D.<\/h3>\n\n\n\n<p><a href=\"https:\/\/fame.utb.cz\/en\/\">Faculty of Management and Economics, Tomas Bata University in Zl\u00edn <\/a> <\/p>\n<\/div>\n\n\n\n<div class=\"wp-block-column is-style-tw-col-border-top is-layout-flow wp-block-column-is-layout-flow\">\n<h3 class=\"wp-block-heading\" style=\"margin-bottom:10px;font-size:1.125em\">doc. Ing. Pavel \u017dufan, Ph.D.<\/h3>\n\n\n\n<p><a rel=\"noreferrer noopener\" href=\"https:\/\/ies.fsv.cuni.cz\/content\/tree\/index\/lang\/en\" target=\"_blank\"><\/a><a rel=\"noreferrer noopener\" href=\"https:\/\/pef.mendelu.cz\/en\/?psn=0\" target=\"_blank\">Faculty of Business and Economics, Mendel University in Brno<\/a><\/p>\n<\/div>\n<\/div>\n<\/div>\n\n\n\n<p><\/p>\n","protected":false},"excerpt":{"rendered":"<p>Deans of Economic Faculties prof. Ing. Luk\u00e1\u0161 \u010cechura, Ph.D. Faculty of Business and Management, Brno University of Technology doc. RNDr. Zuzana Dvo\u0159\u00e1kov\u00e1 L\u00ed\u0161kov\u00e1, Ph.D. Faculty of Economics, University of South [&hellip;]<\/p>\n","protected":false},"author":1,"featured_media":0,"parent":0,"menu_order":0,"comment_status":"closed","ping_status":"closed","template":"wp-custom-template-standartni-stranka","meta":{"_EventAllDay":false,"_EventTimezone":"","_EventStartDate":"","_EventEndDate":"","_EventStartDateUTC":"","_EventEndDateUTC":"","_EventShowMap":false,"_EventShowMapLink":false,"_EventURL":"","_EventCost":"","_EventCostDescription":"","_EventCurrencySymbol":"","_EventCurrencyCode":"","_EventCurrencyPosition":"","_EventDateTimeSeparator":"","_EventTimeRangeSeparator":"","_EventOrganizerID":[],"_EventVenueID":[],"_OrganizerEmail":"","_OrganizerPhone":"","_OrganizerWebsite":"","_VenueAddress":"","_VenueCity":"","_VenueCountry":"","_VenueProvince":"","_VenueState":"","_VenueZip":"","_VenuePhone":"","_VenueURL":"","_VenueStateProvince":"","_VenueLat":"","_VenueLng":"","_VenueShowMap":false,"_VenueShowMapLink":false,"footnotes":""},"class_list":["post-49","page","type-page","status-publish","hentry"],"_links":{"self":[{"href":"https:\/\/dekanief.cz\/en\/wp-json\/wp\/v2\/pages\/49","targetHints":{"allow":["GET"]}}],"collection":[{"href":"https:\/\/dekanief.cz\/en\/wp-json\/wp\/v2\/pages"}],"about":[{"href":"https:\/\/dekanief.cz\/en\/wp-json\/wp\/v2\/types\/page"}],"author":[{"embeddable":true,"href":"https:\/\/dekanief.cz\/en\/wp-json\/wp\/v2\/users\/1"}],"replies":[{"embeddable":true,"href":"https:\/\/dekanief.cz\/en\/wp-json\/wp\/v2\/comments?post=49"}],"version-history":[{"count":36,"href":"https:\/\/dekanief.cz\/en\/wp-json\/wp\/v2\/pages\/49\/revisions"}],"predecessor-version":[{"id":126947,"href":"https:\/\/dekanief.cz\/en\/wp-json\/wp\/v2\/pages\/49\/revisions\/126947"}],"wp:attachment":[{"href":"https:\/\/dekanief.cz\/en\/wp-json\/wp\/v2\/media?parent=49"}],"curies":[{"name":"wp","href":"https:\/\/api.w.org\/{rel}","templated":true}]}}